{"id":169,"date":"2016-07-20T17:18:46","date_gmt":"2016-07-20T17:18:46","guid":{"rendered":"http:\/\/www.uccosertur.com.mx\/?page_id=169"},"modified":"2016-07-22T16:30:21","modified_gmt":"2016-07-22T16:30:21","slug":"objetivo","status":"publish","type":"page","link":"https:\/\/www.uccosertur.com.mx\/?page_id=169","title":{"rendered":"Objetivo"},"content":{"rendered":"<p style=\"text-align: justify;\">Colocar los cr\u00e9ditos en forma oportuna a personas responsables que cumplan con los par\u00e1metros establecidos por la empresa, cumplir las metas de cada a\u00f1o, y recuperar la cartera vencida existente y as\u00ed ser una empresa rentable cada d\u00eda.<\/p>\n","protected":false},"excerpt":{"rendered":"<p>Colocar los cr\u00e9ditos en forma oportuna a personas responsables que cumplan con los par\u00e1metros establecidos por la empresa, cumplir las metas de cada a\u00f1o, y recuperar la cartera vencida existente y as\u00ed ser una empresa rentable cada d\u00eda.<\/p>\n","protected":false},"author":1,"featured_media":0,"parent":0,"menu_order":0,"comment_status":"closed","ping_status":"open","template":"","meta":{"footnotes":""},"class_list":["post-169","page","type-page","status-publish","hentry"],"_links":{"self":[{"href":"https:\/\/www.uccosertur.com.mx\/index.php?rest_route=\/wp\/v2\/pages\/169","targetHints":{"allow":["GET"]}}],"collection":[{"href":"https:\/\/www.uccosertur.com.mx\/index.php?rest_route=\/wp\/v2\/pages"}],"about":[{"href":"https:\/\/www.uccosertur.com.mx\/index.php?rest_route=\/wp\/v2\/types\/page"}],"author":[{"embeddable":true,"href":"https:\/\/www.uccosertur.com.mx\/index.php?rest_route=\/wp\/v2\/users\/1"}],"replies":[{"embeddable":true,"href":"https:\/\/www.uccosertur.com.mx\/index.php?rest_route=%2Fwp%2Fv2%2Fcomments&post=169"}],"version-history":[{"count":4,"href":"https:\/\/www.uccosertur.com.mx\/index.php?rest_route=\/wp\/v2\/pages\/169\/revisions"}],"predecessor-version":[{"id":225,"href":"https:\/\/www.uccosertur.com.mx\/index.php?rest_route=\/wp\/v2\/pages\/169\/revisions\/225"}],"wp:attachment":[{"href":"https:\/\/www.uccosertur.com.mx\/index.php?rest_route=%2Fwp%2Fv2%2Fmedia&parent=169"}],"curies":[{"name":"wp","href":"https:\/\/api.w.org\/{rel}","templated":true}]}}