{"id":406,"date":"2020-06-28T20:16:16","date_gmt":"2020-06-28T20:16:16","guid":{"rendered":"http:\/\/www.uccosertur.com.mx\/?page_id=406"},"modified":"2020-06-28T20:37:58","modified_gmt":"2020-06-28T20:37:58","slug":"requisitos-generales","status":"publish","type":"page","link":"http:\/\/www.uccosertur.com.mx\/?page_id=406","title":{"rendered":"REQUISITOS GENERALES"},"content":{"rendered":"\n<h4 class=\"wp-block-heading\"><em><strong>ACREDITADO:<\/strong><\/em><\/h4>\n\n\n\n<p>\u2022 SOLICITUD DE CR\u00c9DITO Y ENTREVISTA CON EL CLIENTE DEBIDAMENTE REQUISITADA Y FIRMADA.<br>\u2022 FORMATO \u201cIDENTIFICACI\u00d3N DEL CLIENTE\u201d.<br>\u2022 COPIA DE IDENTIFICACI\u00d3N OFICIAL.<br>\u2022 COPIA DE LA CURP, SI NO LA CONTIENE LA IDENTIFICACI\u00d3N OFICIAL.<br>\u2022 COPIA DEL ALTA EN HACIENDA.<br>\u2022 COPIA DE CONSTANCIA DE SITUACI\u00d3N FISCAL.<br>\u2022 COPIA DEL ACTA DE NACIMIENTO.<br>\u2022 COPIA DEL ACTA DE MATRIMONIO.<br>\u2022 COMPROBANTE DE DOMICILIO CON UNA ANTIG\u00dcEDAD NO MAYOR A 90 D\u00cdAS.<br>\u2022 FORMATO DE AUTORIZACI\u00d3N PARA CONSULTAR SU HISTORIAL CREDITICIO.<br>\u2022 EN CASO DE PERSONA MORAL, COPIA DEL ACTA CONSTITUTIVA, DE REFORMAS Y PODERES CON DATOS DEL RPPC.<br>\u2022 ESTADOS FINANCIEROS PARCIALES CON UNA ANTIG\u00dcEDAD NO MAYOR A 3 MESES.<br>\u2022 ESTADOS FINANCIEROS HIST\u00d3RICOS DE LOS \u00daLTIMOS 3 A\u00d1OS.<br>\u2022 COPIA DEL ESTADO DE CUENTA BANCARIO<\/p>\n\n\n\n<h4 class=\"wp-block-heading\"><em><strong>AVAL GARANTE:<\/strong><\/em><\/h4>\n\n\n\n<p>\u2022 COPIA CERTIFICADA DE ESCRITURA DE GARANT\u00cdA HIPOTECARIA<br>\u2022 CERTIFICADO DE LIBERTAD DE GRAVAMEN.<br>\u2022 COPIA DE IDENTIFICACI\u00d3N OFICIAL.<br>\u2022 COPIA DE LA CURP, SI NO LA CONTIENE LA IDENTIFICACI\u00d3N OFICIAL<br>\u2022 COMPROBANTE DE DOMICILIO CON UNA ANTIG\u00dcEDAD NO MAYOR A 90 D\u00cdAS.<br>\u2022 COPIA DEL ACTA DE NACIMIENTO.<br>\u2022 COPIA DEL ACTA DE MATRIMONIO.<br>\u2022 FORMATO DE AUTORIZACI\u00d3N PARA CONSULTAR SU HISTORIAL CREDITICIO.<\/p>\n\n\n\n<p><\/p>\n","protected":false},"excerpt":{"rendered":"<p>ACREDITADO: \u2022 SOLICITUD DE CR\u00c9DITO Y ENTREVISTA CON EL CLIENTE DEBIDAMENTE REQUISITADA Y FIRMADA.\u2022 FORMATO \u201cIDENTIFICACI\u00d3N DEL CLIENTE\u201d.\u2022 COPIA DE IDENTIFICACI\u00d3N OFICIAL.\u2022 COPIA DE LA CURP, SI NO LA CONTIENE LA IDENTIFICACI\u00d3N OFICIAL.\u2022 COPIA DEL ALTA EN HACIENDA.\u2022 COPIA DE CONSTANCIA DE SITUACI\u00d3N FISCAL.\u2022 COPIA DEL ACTA DE NACIMIENTO.\u2022 COPIA DEL ACTA DE MATRIMONIO.\u2022 COMPROBANTE &hellip; <a href=\"http:\/\/www.uccosertur.com.mx\/?page_id=406\" class=\"more-link\">Seguir leyendo <span class=\"screen-reader-text\">REQUISITOS GENERALES<\/span> <span class=\"meta-nav\">&rarr;<\/span><\/a><\/p>\n","protected":false},"author":1,"featured_media":0,"parent":0,"menu_order":0,"comment_status":"closed","ping_status":"closed","template":"","meta":{"footnotes":""},"class_list":["post-406","page","type-page","status-publish","hentry"],"_links":{"self":[{"href":"http:\/\/www.uccosertur.com.mx\/index.php?rest_route=\/wp\/v2\/pages\/406","targetHints":{"allow":["GET"]}}],"collection":[{"href":"http:\/\/www.uccosertur.com.mx\/index.php?rest_route=\/wp\/v2\/pages"}],"about":[{"href":"http:\/\/www.uccosertur.com.mx\/index.php?rest_route=\/wp\/v2\/types\/page"}],"author":[{"embeddable":true,"href":"http:\/\/www.uccosertur.com.mx\/index.php?rest_route=\/wp\/v2\/users\/1"}],"replies":[{"embeddable":true,"href":"http:\/\/www.uccosertur.com.mx\/index.php?rest_route=%2Fwp%2Fv2%2Fcomments&post=406"}],"version-history":[{"count":2,"href":"http:\/\/www.uccosertur.com.mx\/index.php?rest_route=\/wp\/v2\/pages\/406\/revisions"}],"predecessor-version":[{"id":423,"href":"http:\/\/www.uccosertur.com.mx\/index.php?rest_route=\/wp\/v2\/pages\/406\/revisions\/423"}],"wp:attachment":[{"href":"http:\/\/www.uccosertur.com.mx\/index.php?rest_route=%2Fwp%2Fv2%2Fmedia&parent=406"}],"curies":[{"name":"wp","href":"https:\/\/api.w.org\/{rel}","templated":true}]}}