{"id":207,"date":"2016-07-20T17:59:28","date_gmt":"2016-07-20T17:59:28","guid":{"rendered":"http:\/\/www.uccosertur.com.mx\/?page_id=207"},"modified":"2023-02-17T19:20:30","modified_gmt":"2023-02-17T19:20:30","slug":"union-de-credito-del-comercio-servicios-y-turismo-de-nayarit-s-a-de-c-v-2","status":"publish","type":"page","link":"http:\/\/www.uccosertur.com.mx\/","title":{"rendered":"FICOSERTUR DE NAYARIT, S.A.P.I. DE C.V., SOFOM, E.N.R."},"content":{"rendered":"<p style=\"text-align: left;\">La Uni\u00f3n de Cr\u00e9dito del Comercio, Servicios y Turismo de Nayarit, S.A. de C.V. surge de la C\u00e1mara Nacional de Comercio, Servicios y Turismo de Tepic, a ra\u00edz de que en el sector financiero no hab\u00eda un f\u00e1cil acceso al financiamiento y los tr\u00e1mites eran dif\u00edciles, adem\u00e1s que las utilidades de dichos cr\u00e9ditos no se quedaban dentro del mismo estado de Nayarit.<\/p>\n<p>As\u00ed fue que un grupo de empresarios decidieron formar una Uni\u00f3n de Cr\u00e9dito que facilitara el acceso al financiamiento, adem\u00e1s de obtener utilidades de los mismos socios. Lograron su autorizaci\u00f3n para constituirse como Uni\u00f3n de Cr\u00e9dito por parte de la Comisi\u00f3n Nacional Bancaria el d\u00eda 28 de septiembre de 1993 y se constituy\u00f3 como tal el 25 de Febrero de 1994.<\/p>\n<p>La Uni\u00f3n de Cr\u00e9dito se constituy\u00f3 con un total de 120 socios.<\/p>\n<p>La Uni\u00f3n de Cr\u00e9dito se transformo en FICOSERTUR de Nayarit, S.A.P.I. DE C.V., SOFOM, E.N.R. en Octubre de 2017.<\/p>\n<p>Actualmente FICOSERTUR realiza operaciones de&nbsp; cr\u00e9dito y arrendamiento financiero con&nbsp; atractivas tasas de inter\u00e9s&nbsp; a diferentes&nbsp; plazos.<\/p>\n<p><strong>ESTA INSTITUCION DE CREDITO NO SOLICITA ANTICIPOS DE NINGUNA ESPECIE.<\/strong><\/p>\n","protected":false},"excerpt":{"rendered":"<p>La Uni\u00f3n de Cr\u00e9dito del Comercio, Servicios y Turismo de Nayarit, S.A. de C.V. surge de la C\u00e1mara Nacional de Comercio, Servicios y Turismo de Tepic, a ra\u00edz de que en el sector financiero no hab\u00eda un f\u00e1cil acceso al financiamiento y los tr\u00e1mites eran dif\u00edciles, adem\u00e1s que las utilidades de dichos cr\u00e9ditos no se &hellip; <a href=\"http:\/\/www.uccosertur.com.mx\/\" class=\"more-link\">Seguir leyendo <span class=\"screen-reader-text\">FICOSERTUR DE NAYARIT, S.A.P.I. DE C.V., SOFOM, E.N.R.<\/span> <span class=\"meta-nav\">&rarr;<\/span><\/a><\/p>\n","protected":false},"author":1,"featured_media":0,"parent":0,"menu_order":0,"comment_status":"closed","ping_status":"open","template":"","meta":{"footnotes":""},"class_list":["post-207","page","type-page","status-publish","hentry"],"_links":{"self":[{"href":"http:\/\/www.uccosertur.com.mx\/index.php?rest_route=\/wp\/v2\/pages\/207","targetHints":{"allow":["GET"]}}],"collection":[{"href":"http:\/\/www.uccosertur.com.mx\/index.php?rest_route=\/wp\/v2\/pages"}],"about":[{"href":"http:\/\/www.uccosertur.com.mx\/index.php?rest_route=\/wp\/v2\/types\/page"}],"author":[{"embeddable":true,"href":"http:\/\/www.uccosertur.com.mx\/index.php?rest_route=\/wp\/v2\/users\/1"}],"replies":[{"embeddable":true,"href":"http:\/\/www.uccosertur.com.mx\/index.php?rest_route=%2Fwp%2Fv2%2Fcomments&post=207"}],"version-history":[{"count":14,"href":"http:\/\/www.uccosertur.com.mx\/index.php?rest_route=\/wp\/v2\/pages\/207\/revisions"}],"predecessor-version":[{"id":450,"href":"http:\/\/www.uccosertur.com.mx\/index.php?rest_route=\/wp\/v2\/pages\/207\/revisions\/450"}],"wp:attachment":[{"href":"http:\/\/www.uccosertur.com.mx\/index.php?rest_route=%2Fwp%2Fv2%2Fmedia&parent=207"}],"curies":[{"name":"wp","href":"https:\/\/api.w.org\/{rel}","templated":true}]}}