{"id":185,"date":"2016-07-20T17:34:24","date_gmt":"2016-07-20T17:34:24","guid":{"rendered":"http:\/\/www.uccosertur.com.mx\/?page_id=185"},"modified":"2020-06-28T20:49:25","modified_gmt":"2020-06-28T20:49:25","slug":"credito-de-habilitacion-o-avio","status":"publish","type":"page","link":"http:\/\/www.uccosertur.com.mx\/?page_id=185","title":{"rendered":"Cr\u00e9dito de Habilitaci\u00f3n o Av\u00edo"},"content":{"rendered":"<p><strong>Plazo<\/strong>: De 1 hasta 10 a\u00f1os.<\/p>\n<p><strong>Montos<\/strong>: Desde $100,000.00<\/p>\n<p><strong>Moneda<\/strong>: Nacional<\/p>\n<p><strong>Destino<\/strong>: Capital de trabajo<\/p>\n<p><strong>Tasa de inter\u00e9s<\/strong>: Fija y Variable<\/p>\n<p><strong>Tasa Anual M\u00e1xima<\/strong>: 22%<\/p>\n<p><strong>Tasa Moratoria<\/strong>: 1.5 veces la tasa ordinaria<\/p>\n<p><strong>Periodicidad de pagos<\/strong>: Inter\u00e9s mensual \/ Capital mensual, trimestral, semestral, anual dependiendo del proyecto.<\/p>\n<p><strong>Sector<\/strong>: Comercio, Servicios y Turismo.<\/p>\n<p><strong>Garant\u00edas<\/strong>: Hipotecaria con aforo 2 a 1<\/p>\n<p><strong>Cobertura<\/strong>: Nayarit<\/p>\n<p><strong>Comisione<\/strong>s: Disposici\u00f3n de cr\u00e9dito 1.5% sobre el monto dispuesto (por evento)<\/p>\n<p><strong>Costo Anual Total (CAT)<\/strong><br \/>PROMEDIO sin IVA: <strong>32.9%<br \/><\/strong>Para fines informativos y de comparaci\u00f3n.<\/p>\n<p><strong>ADVERTENCIAS:<\/strong><\/p>\n<ul>\n<li>Al ser tu cr\u00e9dito de tasa variable, los\u00a0intereses pueden aumentar<\/li>\n<li>Incumplir tus obligaciones te puede generar comisiones e intereses moratorios<\/li>\n<li>Contratar cr\u00e9ditos por arriba de tu capacidad de pago puede afectar tu historial crediticio<\/li>\n<li>El avalista, obligado solidario o coacreditado responder\u00e1 como obligado principal por el total del pago frente a la Entidad Financiera<\/li>\n<\/ul>\n\n\n<div class=\"wp-block-buttons is-layout-flex wp-block-buttons-is-layout-flex\">\n<div class=\"wp-block-button\"><a class=\"wp-block-button__link has-text-color has-very-light-gray-color has-background has-very-dark-gray-background-color\" href=\"http:\/\/www.uccosertur.com.mx\/?page_id=406\" style=\"border-radius:10px\" target=\"_blank\" rel=\"http:\/\/www.uccosertur.com.mx\/?page_id=406 noopener noreferrer\">REQUISITOS GENERALES<\/a><\/div>\n<\/div>\n","protected":false},"excerpt":{"rendered":"<p>Plazo: De 1 hasta 10 a\u00f1os. Montos: Desde $100,000.00 Moneda: Nacional Destino: Capital de trabajo Tasa de inter\u00e9s: Fija y Variable Tasa Anual M\u00e1xima: 22% Tasa Moratoria: 1.5 veces la tasa ordinaria Periodicidad de pagos: Inter\u00e9s mensual \/ Capital mensual, trimestral, semestral, anual dependiendo del proyecto. Sector: Comercio, Servicios y Turismo. Garant\u00edas: Hipotecaria con aforo &hellip; <a href=\"http:\/\/www.uccosertur.com.mx\/?page_id=185\" class=\"more-link\">Seguir leyendo <span class=\"screen-reader-text\">Cr\u00e9dito de Habilitaci\u00f3n o Av\u00edo<\/span> <span class=\"meta-nav\">&rarr;<\/span><\/a><\/p>\n","protected":false},"author":1,"featured_media":0,"parent":0,"menu_order":0,"comment_status":"closed","ping_status":"open","template":"","meta":{"footnotes":""},"class_list":["post-185","page","type-page","status-publish","hentry"],"_links":{"self":[{"href":"http:\/\/www.uccosertur.com.mx\/index.php?rest_route=\/wp\/v2\/pages\/185","targetHints":{"allow":["GET"]}}],"collection":[{"href":"http:\/\/www.uccosertur.com.mx\/index.php?rest_route=\/wp\/v2\/pages"}],"about":[{"href":"http:\/\/www.uccosertur.com.mx\/index.php?rest_route=\/wp\/v2\/types\/page"}],"author":[{"embeddable":true,"href":"http:\/\/www.uccosertur.com.mx\/index.php?rest_route=\/wp\/v2\/users\/1"}],"replies":[{"embeddable":true,"href":"http:\/\/www.uccosertur.com.mx\/index.php?rest_route=%2Fwp%2Fv2%2Fcomments&post=185"}],"version-history":[{"count":8,"href":"http:\/\/www.uccosertur.com.mx\/index.php?rest_route=\/wp\/v2\/pages\/185\/revisions"}],"predecessor-version":[{"id":435,"href":"http:\/\/www.uccosertur.com.mx\/index.php?rest_route=\/wp\/v2\/pages\/185\/revisions\/435"}],"wp:attachment":[{"href":"http:\/\/www.uccosertur.com.mx\/index.php?rest_route=%2Fwp%2Fv2%2Fmedia&parent=185"}],"curies":[{"name":"wp","href":"https:\/\/api.w.org\/{rel}","templated":true}]}}