{"id":144,"date":"2016-07-19T19:06:29","date_gmt":"2016-07-19T19:06:29","guid":{"rendered":"http:\/\/www.uccosertur.com.mx\/?page_id=144"},"modified":"2023-02-17T19:22:23","modified_gmt":"2023-02-17T19:22:23","slug":"union-de-credito-del-comercio-servicios-y-turismo-de-nayarit-s-a-de-c-v","status":"publish","type":"page","link":"http:\/\/www.uccosertur.com.mx\/?page_id=144","title":{"rendered":"FICOSERTUR"},"content":{"rendered":"<h4>FICOSERTUR DE NAYARIT, S.A.P.I. DE C.V. SOFOM, E.N.R.<\/h4>\n<p style=\"text-align: justify;\">Somos una entidad financiera que otorga cr\u00e9ditos a la micro y peque\u00f1a empresa.<br \/>\nCr\u00e9ditos simples, refaccionarios, de habilitaci\u00f3n y cuenta corriente. De acuerdo con las necesidades y flujos de las empresas. Individualizando cada uno de los cr\u00e9ditos conforme el proyecto de la empresa.<br \/>\nLos cr\u00e9ditos son fondeados por Financiera Nacional de Desarrollo Agropecuario, Rural, Forestal y Pesquero.<\/p>\n","protected":false},"excerpt":{"rendered":"<p>FICOSERTUR DE NAYARIT, S.A.P.I. DE C.V. SOFOM, E.N.R. Somos una entidad financiera que otorga cr\u00e9ditos a la micro y peque\u00f1a empresa. Cr\u00e9ditos simples, refaccionarios, de habilitaci\u00f3n y cuenta corriente. De acuerdo con las necesidades y flujos de las empresas. Individualizando cada uno de los cr\u00e9ditos conforme el proyecto de la empresa. Los cr\u00e9ditos son fondeados &hellip; <a href=\"http:\/\/www.uccosertur.com.mx\/?page_id=144\" class=\"more-link\">Seguir leyendo <span class=\"screen-reader-text\">FICOSERTUR<\/span> <span class=\"meta-nav\">&rarr;<\/span><\/a><\/p>\n","protected":false},"author":1,"featured_media":0,"parent":0,"menu_order":0,"comment_status":"closed","ping_status":"open","template":"","meta":{"footnotes":""},"class_list":["post-144","page","type-page","status-publish","hentry"],"_links":{"self":[{"href":"http:\/\/www.uccosertur.com.mx\/index.php?rest_route=\/wp\/v2\/pages\/144","targetHints":{"allow":["GET"]}}],"collection":[{"href":"http:\/\/www.uccosertur.com.mx\/index.php?rest_route=\/wp\/v2\/pages"}],"about":[{"href":"http:\/\/www.uccosertur.com.mx\/index.php?rest_route=\/wp\/v2\/types\/page"}],"author":[{"embeddable":true,"href":"http:\/\/www.uccosertur.com.mx\/index.php?rest_route=\/wp\/v2\/users\/1"}],"replies":[{"embeddable":true,"href":"http:\/\/www.uccosertur.com.mx\/index.php?rest_route=%2Fwp%2Fv2%2Fcomments&post=144"}],"version-history":[{"count":8,"href":"http:\/\/www.uccosertur.com.mx\/index.php?rest_route=\/wp\/v2\/pages\/144\/revisions"}],"predecessor-version":[{"id":453,"href":"http:\/\/www.uccosertur.com.mx\/index.php?rest_route=\/wp\/v2\/pages\/144\/revisions\/453"}],"wp:attachment":[{"href":"http:\/\/www.uccosertur.com.mx\/index.php?rest_route=%2Fwp%2Fv2%2Fmedia&parent=144"}],"curies":[{"name":"wp","href":"https:\/\/api.w.org\/{rel}","templated":true}]}}